{"id":134,"date":"2025-01-17T16:17:46","date_gmt":"2025-01-17T08:17:46","guid":{"rendered":"https:\/\/peb.steelprogroup.com\/?page_id=134"},"modified":"2025-03-24T17:08:25","modified_gmt":"2025-03-24T09:08:25","slug":"fabricacion","status":"publish","type":"page","link":"https:\/\/peb.steelprogroup.com\/es\/servicio\/fabricacion\/","title":{"rendered":"Fabricaci\u00f3n"},"content":{"rendered":"<div data-elementor-type=\"wp-page\" data-elementor-id=\"134\" class=\"elementor elementor-134\" data-elementor-post-type=\"page\">\n\t\t\t\t<div class=\"elementor-element elementor-element-415d4080 e-flex e-con-boxed e-con e-parent\" data-id=\"415d4080\" data-element_type=\"container\" data-settings=\"{&quot;background_background&quot;:&quot;classic&quot;,&quot;ekit_has_onepagescroll_dot&quot;:&quot;yes&quot;}\">\n\t\t\t\t\t<div class=\"e-con-inner\">\n\t\t\t\t<div class=\"elementor-element elementor-element-2dd9456f elementor-widget elementor-widget-heading\" data-id=\"2dd9456f\" data-element_type=\"widget\" data-settings=\"{&quot;ekit_we_effect_on&quot;:&quot;none&quot;}\" data-widget_type=\"heading.default\">\n\t\t\t\t<div class=\"elementor-widget-container\">\n\t\t\t\t\t<h1 class=\"elementor-heading-title elementor-size-default\">Fabricaci\u00f3n<\/h1>\t\t\t\t<\/div>\n\t\t\t\t<\/div>\n\t\t\t\t\t<\/div>\n\t\t\t\t<\/div>\n\t\t<div class=\"elementor-element elementor-element-6128088c e-flex e-con-boxed e-con e-parent\" data-id=\"6128088c\" data-element_type=\"container\" data-settings=\"{&quot;ekit_has_onepagescroll_dot&quot;:&quot;yes&quot;}\">\n\t\t\t\t\t<div class=\"e-con-inner\">\n\t\t<div class=\"elementor-element elementor-element-1a1941bf e-con-full e-flex e-con e-child\" data-id=\"1a1941bf\" data-element_type=\"container\" data-settings=\"{&quot;ekit_has_onepagescroll_dot&quot;:&quot;yes&quot;}\">\n\t\t\t\t<div class=\"elementor-element elementor-element-757f9409 elementor-widget elementor-widget-heading\" data-id=\"757f9409\" data-element_type=\"widget\" data-settings=\"{&quot;ekit_we_effect_on&quot;:&quot;none&quot;}\" data-widget_type=\"heading.default\">\n\t\t\t\t<div class=\"elementor-widget-container\">\n\t\t\t\t\t<h3 class=\"elementor-heading-title elementor-size-default\">Otros servicios<\/h3>\t\t\t\t<\/div>\n\t\t\t\t<\/div>\n\t\t\t\t<div class=\"elementor-element elementor-element-6819afd8 elementor-align-justify elementor-widget elementor-widget-button\" data-id=\"6819afd8\" data-element_type=\"widget\" data-settings=\"{&quot;ekit_we_effect_on&quot;:&quot;none&quot;}\" data-widget_type=\"button.default\">\n\t\t\t\t<div class=\"elementor-widget-container\">\n\t\t\t\t\t\t\t\t\t<div class=\"elementor-button-wrapper\">\n\t\t\t\t\t<a class=\"elementor-button elementor-button-link elementor-size-sm\" href=\"https:\/\/peb.steelprogroup.com\/es\/servicio\/diseno\/\">\n\t\t\t\t\t\t<span class=\"elementor-button-content-wrapper\">\n\t\t\t\t\t\t<span class=\"elementor-button-icon\">\n\t\t\t\t<i aria-hidden=\"true\" class=\"icon icon-right-arrow1\"><\/i>\t\t\t<\/span>\n\t\t\t\t\t\t\t\t\t<span class=\"elementor-button-text\">Dise\u00f1o<\/span>\n\t\t\t\t\t<\/span>\n\t\t\t\t\t<\/a>\n\t\t\t\t<\/div>\n\t\t\t\t\t\t\t\t<\/div>\n\t\t\t\t<\/div>\n\t\t\t\t<div class=\"elementor-element elementor-element-7259fcd elementor-align-justify elementor-widget elementor-widget-button\" data-id=\"7259fcd\" data-element_type=\"widget\" data-settings=\"{&quot;ekit_we_effect_on&quot;:&quot;none&quot;}\" data-widget_type=\"button.default\">\n\t\t\t\t<div class=\"elementor-widget-container\">\n\t\t\t\t\t\t\t\t\t<div class=\"elementor-button-wrapper\">\n\t\t\t\t\t<a class=\"elementor-button elementor-button-link elementor-size-sm\" href=\"https:\/\/peb.steelprogroup.com\/es\/servicio\/fabricacion\/\">\n\t\t\t\t\t\t<span class=\"elementor-button-content-wrapper\">\n\t\t\t\t\t\t<span class=\"elementor-button-icon\">\n\t\t\t\t<i aria-hidden=\"true\" class=\"icon icon-right-arrow1\"><\/i>\t\t\t<\/span>\n\t\t\t\t\t\t\t\t\t<span class=\"elementor-button-text\">Fabricaci\u00f3n<\/span>\n\t\t\t\t\t<\/span>\n\t\t\t\t\t<\/a>\n\t\t\t\t<\/div>\n\t\t\t\t\t\t\t\t<\/div>\n\t\t\t\t<\/div>\n\t\t\t\t<div class=\"elementor-element elementor-element-201bd723 elementor-align-justify elementor-widget elementor-widget-button\" data-id=\"201bd723\" data-element_type=\"widget\" data-settings=\"{&quot;ekit_we_effect_on&quot;:&quot;none&quot;}\" data-widget_type=\"button.default\">\n\t\t\t\t<div class=\"elementor-widget-container\">\n\t\t\t\t\t\t\t\t\t<div class=\"elementor-button-wrapper\">\n\t\t\t\t\t<a class=\"elementor-button elementor-button-link elementor-size-sm\" href=\"https:\/\/peb.steelprogroup.com\/es\/servicio\/instalacion\/\">\n\t\t\t\t\t\t<span class=\"elementor-button-content-wrapper\">\n\t\t\t\t\t\t<span class=\"elementor-button-icon\">\n\t\t\t\t<i aria-hidden=\"true\" class=\"icon icon-right-arrow1\"><\/i>\t\t\t<\/span>\n\t\t\t\t\t\t\t\t\t<span class=\"elementor-button-text\">Instalaci\u00f3n<\/span>\n\t\t\t\t\t<\/span>\n\t\t\t\t\t<\/a>\n\t\t\t\t<\/div>\n\t\t\t\t\t\t\t\t<\/div>\n\t\t\t\t<\/div>\n\t\t\t\t<div class=\"elementor-element elementor-element-2f8b6530 elementor-align-justify elementor-widget elementor-widget-button\" data-id=\"2f8b6530\" data-element_type=\"widget\" data-settings=\"{&quot;ekit_we_effect_on&quot;:&quot;none&quot;}\" data-widget_type=\"button.default\">\n\t\t\t\t<div class=\"elementor-widget-container\">\n\t\t\t\t\t\t\t\t\t<div class=\"elementor-button-wrapper\">\n\t\t\t\t\t<a class=\"elementor-button elementor-button-link elementor-size-sm\" href=\"https:\/\/peb.steelprogroup.com\/es\/servicio\/garantia\/\">\n\t\t\t\t\t\t<span class=\"elementor-button-content-wrapper\">\n\t\t\t\t\t\t<span class=\"elementor-button-icon\">\n\t\t\t\t<i aria-hidden=\"true\" class=\"icon icon-right-arrow1\"><\/i>\t\t\t<\/span>\n\t\t\t\t\t\t\t\t\t<span class=\"elementor-button-text\">Garant\u00eda<\/span>\n\t\t\t\t\t<\/span>\n\t\t\t\t\t<\/a>\n\t\t\t\t<\/div>\n\t\t\t\t\t\t\t\t<\/div>\n\t\t\t\t<\/div>\n\t\t\t\t<\/div>\n\t\t<div class=\"elementor-element elementor-element-6dfac48e e-con-full e-transform e-flex e-con e-child\" data-id=\"6dfac48e\" data-element_type=\"container\" data-settings=\"{&quot;_transform_translateX_effect_mobile&quot;:{&quot;unit&quot;:&quot;px&quot;,&quot;size&quot;:-12,&quot;sizes&quot;:[]},&quot;ekit_has_onepagescroll_dot&quot;:&quot;yes&quot;,&quot;_transform_translateX_effect&quot;:{&quot;unit&quot;:&quot;px&quot;,&quot;size&quot;:&quot;&quot;,&quot;sizes&quot;:[]},&quot;_transform_translateX_effect_tablet&quot;:{&quot;unit&quot;:&quot;px&quot;,&quot;size&quot;:&quot;&quot;,&quot;sizes&quot;:[]},&quot;_transform_translateY_effect&quot;:{&quot;unit&quot;:&quot;px&quot;,&quot;size&quot;:&quot;&quot;,&quot;sizes&quot;:[]},&quot;_transform_translateY_effect_tablet&quot;:{&quot;unit&quot;:&quot;px&quot;,&quot;size&quot;:&quot;&quot;,&quot;sizes&quot;:[]},&quot;_transform_translateY_effect_mobile&quot;:{&quot;unit&quot;:&quot;px&quot;,&quot;size&quot;:&quot;&quot;,&quot;sizes&quot;:[]}}\">\n\t\t\t\t<div class=\"elementor-element elementor-element-f0f6ccd elementor-widget elementor-widget-heading\" data-id=\"f0f6ccd\" data-element_type=\"widget\" data-settings=\"{&quot;ekit_we_effect_on&quot;:&quot;none&quot;}\" data-widget_type=\"heading.default\">\n\t\t\t\t<div class=\"elementor-widget-container\">\n\t\t\t\t\t<h2 class=\"elementor-heading-title elementor-size-default\">Servicios de fabricaci\u00f3n<\/h2>\t\t\t\t<\/div>\n\t\t\t\t<\/div>\n\t\t\t\t<div class=\"elementor-element elementor-element-efce024 elementor-widget elementor-widget-text-editor\" data-id=\"efce024\" data-element_type=\"widget\" data-settings=\"{&quot;ekit_we_effect_on&quot;:&quot;none&quot;}\" data-widget_type=\"text-editor.default\">\n\t\t\t\t<div class=\"elementor-widget-container\">\n\t\t\t\t\t\t\t\t\t<h3><span style=\"font-weight: 400;\">Nuestro proceso de fabricaci\u00f3n<\/span><\/h3><h4>\u00a0<\/h4><h4><span style=\"font-weight: 400;\">Preparaci\u00f3n de materiales (vigas de acero en bruto, cerchas, columnas)<\/span><\/h4><p><span style=\"font-weight: 400;\">Fabricamos todas las materias primas, incluidas las vigas, cerchas y columnas de acero, en nuestras propias f\u00e1bricas. Esto garantiza un control total de la calidad y la precisi\u00f3n, manteniendo la uniformidad desde las l\u00e1minas de acero en bruto hasta los componentes terminados.<\/span><\/p><h4><span style=\"font-weight: 400;\">Corte de acero (plasma, CNC, cizallado)<\/span><\/h4><ul><li style=\"font-weight: 400;\" aria-level=\"1\"><b>Corte por plasma<\/b><span style=\"font-weight: 400;\">:Capaz de cortar placas de acero de hasta 50 mm de espesor.<\/span><\/li><li style=\"font-weight: 400;\" aria-level=\"1\"><b>Corte CNC<\/b><span style=\"font-weight: 400;\">:Proporciona cortes precisos para placas de hasta 30 mm de espesor, garantizando una alta precisi\u00f3n.<\/span><\/li><li style=\"font-weight: 400;\" aria-level=\"1\"><b>Cizallamiento<\/b><span style=\"font-weight: 400;\">:Ideal para cortar l\u00e1minas m\u00e1s delgadas de hasta 12 mm de espesor, con bordes limpios.<\/span><\/li><\/ul><h4><span style=\"font-weight: 400;\">Perforaci\u00f3n (colocaci\u00f3n precisa de orificios, alineaci\u00f3n de componentes)<\/span><\/h4><p><span style=\"font-weight: 400;\">Despu\u00e9s del corte, utilizamos m\u00e1quinas perforadoras y punzonadoras CNC para colocar los orificios con precisi\u00f3n, lo que garantiza una alineaci\u00f3n precisa de los pernos y las conexiones, fundamental para un ensamblaje estable.<\/span><\/p><h4><span style=\"font-weight: 400;\">Ensamblaje (Conexiones de pernos, uniones estructurales)<\/span><\/h4><p><span style=\"font-weight: 400;\">Siguiendo los planos de dise\u00f1o, los componentes se colocan cuidadosamente utilizando equipos de elevaci\u00f3n y se aseguran con pernos de alta resistencia o soldadura, junto con juntas para mejorar el contacto y la estabilidad.<\/span><\/p><h4><span style=\"font-weight: 400;\">L\u00edneas de soldadura autom\u00e1ticas (soldadura de precisi\u00f3n y alta eficiencia)<\/span><\/h4><p><span style=\"font-weight: 400;\">Con 8 m\u00e1quinas de soldar autom\u00e1ticas y 80 m\u00e1quinas de soldar manuales, combinamos las t\u00e9cnicas MIG y TIG para asegurar que cada soldadura cumpla con los m\u00e1s altos est\u00e1ndares, garantizando la resistencia y calidad de cada uni\u00f3n.<\/span><\/p><h4><span style=\"font-weight: 400;\">Limpieza de superficies (granallado, eliminaci\u00f3n de \u00f3xido)<\/span><\/h4><p><span style=\"font-weight: 400;\">Mediante 8 granalladoras autom\u00e1ticas, limpiamos cordones de soldadura y chapas de acero, eliminando \u00f3xido e impurezas. Para zonas delicadas, tambi\u00e9n se aplican m\u00e9todos de limpieza f\u00edsica, asegurando una superficie lisa para su posterior procesamiento.<\/span><\/p><h4><span style=\"font-weight: 400;\">Cuadro<\/span><\/h4><p><span style=\"font-weight: 400;\">Equipados con 5 m\u00e1quinas de pulverizaci\u00f3n de alta presi\u00f3n y 5 m\u00e1quinas pulidoras, completamos eficientemente la pintura y la preparaci\u00f3n de superficies. Utilizamos pulverizaci\u00f3n de metal superficial (zinc, aluminio), pintura protectora y revestimiento galvanizado para proporcionar un acabado suave y duradero y garantizar una excelente resistencia a la corrosi\u00f3n.<\/span><\/p><h4><span style=\"font-weight: 400;\">Componentes galvanizados (correas, vigas, l\u00e1minas de paredes y techos, puertas y ventanas)<\/span><\/h4><p><span style=\"font-weight: 400;\">Todos los componentes galvanizados, como correas, vigas, l\u00e1minas de paredes y techos y puertas y ventanas, se fabrican con recubrimientos de alta calidad para garantizar la m\u00e1xima durabilidad y protecci\u00f3n contra la corrosi\u00f3n.<\/span><\/p>\t\t\t\t\t\t\t\t<\/div>\n\t\t\t\t<\/div>\n\t\t\t\t<div class=\"elementor-element elementor-element-40baa31 elementor-widget elementor-widget-image\" data-id=\"40baa31\" data-element_type=\"widget\" data-settings=\"{&quot;ekit_we_effect_on&quot;:&quot;none&quot;}\" data-widget_type=\"image.default\">\n\t\t\t\t<div class=\"elementor-widget-container\">\n\t\t\t\t\t\t\t\t\t\t\t\t\t\t\t<img fetchpriority=\"high\" decoding=\"async\" width=\"1024\" height=\"683\" src=\"https:\/\/peb.steelprogroup.com\/wp-content\/uploads\/Our_Fabrication_Process_-_visual_selection-1024x683.png\" class=\"attachment-large size-large wp-image-233\" alt=\"Proceso de fabricaci\u00f3n de acero: preparaci\u00f3n del material, corte, perforaci\u00f3n, soldadura, montaje, limpieza de superficies, pintura y galvanizado para estructuras duraderas.\" srcset=\"https:\/\/peb.steelprogroup.com\/wp-content\/uploads\/Our_Fabrication_Process_-_visual_selection-1024x683.png 1024w, https:\/\/peb.steelprogroup.com\/wp-content\/uploads\/Our_Fabrication_Process_-_visual_selection-300x200.png 300w, https:\/\/peb.steelprogroup.com\/wp-content\/uploads\/Our_Fabrication_Process_-_visual_selection-768x512.png 768w, https:\/\/peb.steelprogroup.com\/wp-content\/uploads\/Our_Fabrication_Process_-_visual_selection.png 1200w\" sizes=\"(max-width: 1024px) 100vw, 1024px\" \/>\t\t\t\t\t\t\t\t\t\t\t\t\t\t\t<\/div>\n\t\t\t\t<\/div>\n\t\t\t\t<div class=\"elementor-element elementor-element-17ce9a8 elementor-widget elementor-widget-text-editor\" data-id=\"17ce9a8\" data-element_type=\"widget\" data-settings=\"{&quot;ekit_we_effect_on&quot;:&quot;none&quot;}\" data-widget_type=\"text-editor.default\">\n\t\t\t\t<div class=\"elementor-widget-container\">\n\t\t\t\t\t\t\t\t\t<h2><span style=\"font-weight: 400;\">Nuestras pruebas<\/span><\/h2><ul><li style=\"font-weight: 400;\" aria-level=\"1\"><b>Prueba de propiedades f\u00edsicas<\/b><b><br \/><\/b><span style=\"font-weight: 400;\">Prueba la resistencia a la tracci\u00f3n, el l\u00edmite el\u00e1stico y el alargamiento para garantizar que el material cumpla con los est\u00e1ndares de dise\u00f1o.<\/span><\/li><li style=\"font-weight: 400;\" aria-level=\"1\"><b>Inspecci\u00f3n de calidad de la soldadura<\/b><b><br \/><\/b><span style=\"font-weight: 400;\">Utiliza rayos X, ultrasonidos y otras pruebas no destructivas para comprobar la resistencia y la integridad de la soldadura.<\/span><\/li><li style=\"font-weight: 400;\" aria-level=\"1\"><b>Inspecci\u00f3n dimensional<\/b><b><br \/><\/b><span style=\"font-weight: 400;\">Mide todos los componentes de acero para garantizar que coincidan con las especificaciones de dise\u00f1o.<\/span><\/li><li style=\"font-weight: 400;\" aria-level=\"1\"><b>Inspecci\u00f3n del tratamiento de superficies<\/b><b><br \/><\/b><span style=\"font-weight: 400;\">Verifica el espesor y la adherencia de los recubrimientos protectores (por ejemplo, pintura, galvanizado) para verificar su cumplimiento.<\/span><\/li><li style=\"font-weight: 400;\" aria-level=\"1\"><b>Prueba de carga<\/b><b><br \/><\/b><span style=\"font-weight: 400;\">Prueba componentes clave para determinar su capacidad de soportar carga bajo tensiones del mundo real.<\/span><\/li><li style=\"font-weight: 400;\" aria-level=\"1\"><b>Pruebas de desempe\u00f1o s\u00edsmico<\/b><b><br \/><\/b><span style=\"font-weight: 400;\">Garantiza la estabilidad en condiciones extremas como terremotos.<\/span><\/li><li style=\"font-weight: 400;\" aria-level=\"1\"><b>Prueba de resistencia al fuego<\/b><b><br \/><\/b><span style=\"font-weight: 400;\">Prueba la capacidad de la estructura de acero para mantener la resistencia en condiciones de incendio.<\/span><\/li><\/ul>\t\t\t\t\t\t\t\t<\/div>\n\t\t\t\t<\/div>\n\t\t\t\t<div class=\"elementor-element elementor-element-ab8dacd elementor-widget-mobile__width-initial elementor-widget elementor-widget-wp-widget-media_video\" data-id=\"ab8dacd\" data-element_type=\"widget\" data-settings=\"{&quot;ekit_we_effect_on&quot;:&quot;none&quot;}\" data-widget_type=\"wp-widget-media_video.default\">\n\t\t\t\t<div class=\"elementor-widget-container\">\n\t\t\t\t\t<iframe title=\"Fabricaci\u00f3n de estructuras de acero\" src=\"https:\/\/www.youtube.com\/embed\/cEEn0cyfgZA?feature=oembed\" frameborder=\"0\" allow=\"accelerometer; autoplay; clipboard-write; encrypted-media; gyroscope; picture-in-picture; web-share\" referrerpolicy=\"strict-origin-when-cross-origin\" allowfullscreen><\/iframe>\t\t\t\t<\/div>\n\t\t\t\t<\/div>\n\t\t\t\t<\/div>\n\t\t\t\t\t<\/div>\n\t\t\t\t<\/div>\n\t\t<div class=\"elementor-element elementor-element-7c967fa5 e-flex e-con-boxed e-con e-parent\" data-id=\"7c967fa5\" data-element_type=\"container\" data-settings=\"{&quot;ekit_has_onepagescroll_dot&quot;:&quot;yes&quot;}\">\n\t\t\t\t\t<div class=\"e-con-inner\">\n\t\t\t\t<div class=\"elementor-element elementor-element-d3b7421 elementor-widget elementor-widget-heading\" data-id=\"d3b7421\" data-element_type=\"widget\" data-settings=\"{&quot;ekit_we_effect_on&quot;:&quot;none&quot;}\" data-widget_type=\"heading.default\">\n\t\t\t\t<div class=\"elementor-widget-container\">\n\t\t\t\t\t<h2 class=\"elementor-heading-title elementor-size-default\">Garant\u00eda<\/h2>\t\t\t\t<\/div>\n\t\t\t\t<\/div>\n\t\t<div class=\"elementor-element elementor-element-344a9b95 e-con-full e-flex e-con e-child\" data-id=\"344a9b95\" data-element_type=\"container\" data-settings=\"{&quot;ekit_has_onepagescroll_dot&quot;:&quot;yes&quot;}\">\n\t\t\t\t<div class=\"elementor-element elementor-element-6a71ec4a elementor-widget elementor-widget-counter\" data-id=\"6a71ec4a\" data-element_type=\"widget\" data-settings=\"{&quot;ekit_we_effect_on&quot;:&quot;none&quot;}\" data-widget_type=\"counter.default\">\n\t\t\t\t<div class=\"elementor-widget-container\">\n\t\t\t\t\t\t\t<div class=\"elementor-counter\">\n\t\t\t<div class=\"elementor-counter-title\">Garant\u00eda estructural<\/div>\t\t\t<div class=\"elementor-counter-number-wrapper\">\n\t\t\t\t<span class=\"elementor-counter-number-prefix\"><\/span>\n\t\t\t\t<span class=\"elementor-counter-number\" data-duration=\"1000\" data-to-value=\"15\" data-from-value=\"0\" data-delimiter=\",\">0<\/span>\n\t\t\t\t<span class=\"elementor-counter-number-suffix\"> A\u00f1os<\/span>\n\t\t\t<\/div>\n\t\t<\/div>\n\t\t\t\t\t\t<\/div>\n\t\t\t\t<\/div>\n\t\t\t\t<div class=\"elementor-element elementor-element-3dfcce0b elementor-widget elementor-widget-counter\" data-id=\"3dfcce0b\" data-element_type=\"widget\" data-settings=\"{&quot;ekit_we_effect_on&quot;:&quot;none&quot;}\" data-widget_type=\"counter.default\">\n\t\t\t\t<div class=\"elementor-widget-container\">\n\t\t\t\t\t\t\t<div class=\"elementor-counter\">\n\t\t\t<div class=\"elementor-counter-title\">Garant\u00eda de techos y paredes<\/div>\t\t\t<div class=\"elementor-counter-number-wrapper\">\n\t\t\t\t<span class=\"elementor-counter-number-prefix\"><\/span>\n\t\t\t\t<span class=\"elementor-counter-number\" data-duration=\"1000\" data-to-value=\"25\" data-from-value=\"0\" data-delimiter=\",\">0<\/span>\n\t\t\t\t<span class=\"elementor-counter-number-suffix\"> A\u00f1os<\/span>\n\t\t\t<\/div>\n\t\t<\/div>\n\t\t\t\t\t\t<\/div>\n\t\t\t\t<\/div>\n\t\t\t\t<div class=\"elementor-element elementor-element-dfd5754 elementor-widget elementor-widget-counter\" data-id=\"dfd5754\" data-element_type=\"widget\" data-settings=\"{&quot;ekit_we_effect_on&quot;:&quot;none&quot;}\" data-widget_type=\"counter.default\">\n\t\t\t\t<div class=\"elementor-widget-container\">\n\t\t\t\t\t\t\t<div class=\"elementor-counter\">\n\t\t\t<div class=\"elementor-counter-title\">Resoluci\u00f3n de problemas<\/div>\t\t\t<div class=\"elementor-counter-number-wrapper\">\n\t\t\t\t<span class=\"elementor-counter-number-prefix\"><\/span>\n\t\t\t\t<span class=\"elementor-counter-number\" data-duration=\"500\" data-to-value=\"3\" data-from-value=\"0\" data-delimiter=\",\">0<\/span>\n\t\t\t\t<span class=\"elementor-counter-number-suffix\"> A\u00f1os<\/span>\n\t\t\t<\/div>\n\t\t<\/div>\n\t\t\t\t\t\t<\/div>\n\t\t\t\t<\/div>\n\t\t\t\t<\/div>\n\t\t\t\t\t<\/div>\n\t\t\t\t<\/div>\n\t\t\t\t<\/div>","protected":false},"excerpt":{"rendered":"<p>Fabricaci\u00f3n Otros servicios Dise\u00f1o Fabricaci\u00f3n Instalaci\u00f3n Garant\u00eda Servicios de fabricaci\u00f3n Nuestro proceso de fabricaci\u00f3n Preparaci\u00f3n del material (vigas de acero crudo, cerchas, columnas) [\u2026]<\/p>","protected":false},"author":4,"featured_media":0,"parent":109,"menu_order":6,"comment_status":"closed","ping_status":"closed","template":"","meta":{"_acf_changed":false,"site-sidebar-layout":"no-sidebar","site-content-layout":"","ast-site-content-layout":"full-width-container","site-content-style":"default","site-sidebar-style":"default","ast-global-header-display":"","ast-banner-title-visibility":"","ast-main-header-display":"","ast-hfb-above-header-display":"","ast-hfb-below-header-display":"","ast-hfb-mobile-header-display":"","site-post-title":"disabled","ast-breadcrumbs-content":"","ast-featured-img":"disabled","footer-sml-layout":"","theme-transparent-header-meta":"","adv-header-id-meta":"","stick-header-meta":"","header-above-stick-meta":"","header-main-stick-meta":"","header-below-stick-meta":"","astra-migrate-meta-layouts":"default","ast-page-background-enabled":"default","ast-page-background-meta":{"desktop":{"background-color":"var(--ast-global-color-5)","background-image":"","background-repeat":"repeat","background-position":"center center","background-size":"auto","background-attachment":"scroll","background-type":"","background-media":"","overlay-type":"","overlay-color":"","overlay-opacity":"","overlay-gradient":""},"tablet":{"background-color":"","background-image":"","background-repeat":"repeat","background-position":"center center","background-size":"auto","background-attachment":"scroll","background-type":"","background-media":"","overlay-type":"","overlay-color":"","overlay-opacity":"","overlay-gradient":""},"mobile":{"background-color":"","background-image":"","background-repeat":"repeat","background-position":"center center","background-size":"auto","background-attachment":"scroll","background-type":"","background-media":"","overlay-type":"","overlay-color":"","overlay-opacity":"","overlay-gradient":""}},"ast-content-background-meta":{"desktop":{"background-color":"var(--ast-global-color-4)","background-image":"","background-repeat":"repeat","background-position":"center center","background-size":"auto","background-attachment":"scroll","background-type":"","background-media":"","overlay-type":"","overlay-color":"","overlay-opacity":"","overlay-gradient":""},"tablet":{"background-color":"var(--ast-global-color-4)","background-image":"","background-repeat":"repeat","background-position":"center center","background-size":"auto","background-attachment":"scroll","background-type":"","background-media":"","overlay-type":"","overlay-color":"","overlay-opacity":"","overlay-gradient":""},"mobile":{"background-color":"var(--ast-global-color-4)","background-image":"","background-repeat":"repeat","background-position":"center center","background-size":"auto","background-attachment":"scroll","background-type":"","background-media":"","overlay-type":"","overlay-color":"","overlay-opacity":"","overlay-gradient":""}},"footnotes":""},"class_list":["post-134","page","type-page","status-publish","hentry"],"acf":[],"_links":{"self":[{"href":"https:\/\/peb.steelprogroup.com\/es\/wp-json\/wp\/v2\/pages\/134","targetHints":{"allow":["GET"]}}],"collection":[{"href":"https:\/\/peb.steelprogroup.com\/es\/wp-json\/wp\/v2\/pages"}],"about":[{"href":"https:\/\/peb.steelprogroup.com\/es\/wp-json\/wp\/v2\/types\/page"}],"author":[{"embeddable":true,"href":"https:\/\/peb.steelprogroup.com\/es\/wp-json\/wp\/v2\/users\/4"}],"replies":[{"embeddable":true,"href":"https:\/\/peb.steelprogroup.com\/es\/wp-json\/wp\/v2\/comments?post=134"}],"version-history":[{"count":3,"href":"https:\/\/peb.steelprogroup.com\/es\/wp-json\/wp\/v2\/pages\/134\/revisions"}],"predecessor-version":[{"id":6774,"href":"https:\/\/peb.steelprogroup.com\/es\/wp-json\/wp\/v2\/pages\/134\/revisions\/6774"}],"up":[{"embeddable":true,"href":"https:\/\/peb.steelprogroup.com\/es\/wp-json\/wp\/v2\/pages\/109"}],"wp:attachment":[{"href":"https:\/\/peb.steelprogroup.com\/es\/wp-json\/wp\/v2\/media?parent=134"}],"curies":[{"name":"wp","href":"https:\/\/api.w.org\/{rel}","templated":true}]}}